{"id":1156,"date":"2019-01-09T08:24:01","date_gmt":"2019-01-09T07:24:01","guid":{"rendered":"http:\/\/mlg-ag.ch\/metallundplanung\/?page_id=1156"},"modified":"2025-02-26T11:07:00","modified_gmt":"2025-02-26T10:07:00","slug":"karriere-jobs","status":"publish","type":"page","link":"https:\/\/mlg-ag.ch\/metallundplanung\/karriere-jobs\/","title":{"rendered":"Karriere \/ Jobs"},"content":{"rendered":"<p>[vc_row row_height_percent=&#187;99&#8243; override_padding=&#187;yes&#187; h_padding=&#187;2&#8243; top_padding=&#187;6&#8243; bottom_padding=&#187;6&#8243; overlay_alpha=&#187;50&#8243; gutter_size=&#187;3&#8243; column_width_use_pixel=&#187;yes&#187; shift_y=&#187;0&#8243; z_index=&#187;0&#8243; column_width_pixel=&#187;960&#8243;][vc_column column_width_percent=&#187;100&#8243; position_vertical=&#187;middle&#187; gutter_size=&#187;3&#8243; overlay_alpha=&#187;50&#8243; shift_x=&#187;0&#8243; shift_y=&#187;0&#8243; shift_y_down=&#187;0&#8243; z_index=&#187;0&#8243; medium_width=&#187;0&#8243; mobile_width=&#187;0&#8243;][vc_empty_space empty_h=&#187;2&#8243; desktop_visibility=&#187;yes&#187;][vc_custom_heading heading_semantic=&#187;h1&#8243; text_size=&#187;&#187; text_transform=&#187;uppercase&#187; sub_lead=&#187;yes&#187; subheading=&#187;Die MLG-Gruppe ist eine mittelgrosse Schweizer KMU der Immobilienwirtschaft mit Sitz in Bern und besch\u00e4ftigt 140 Mitarbeiter in den Bereichen Generalunternehmung, Immobilien, Metall und Planung, Malerei und Gipserei, Technik und Reinigungen.&#187;]Das Befinden der Mitarbeiter und eine gezielte Nachwuchsf\u00f6rderung stehen f\u00fcr uns im Vordergrund.[\/vc_custom_heading][vc_row_inner row_inner_height_percent=&#187;0&#8243; overlay_alpha=&#187;50&#8243; gutter_size=&#187;2&#8243; shift_y=&#187;0&#8243; z_index=&#187;0&#8243; desktop_visibility=&#187;yes&#187; medium_visibility=&#187;yes&#187; mobile_visibility=&#187;yes&#187;][vc_column_inner column_width_percent=&#187;100&#8243; gutter_size=&#187;2&#8243; overlay_alpha=&#187;50&#8243; shift_x=&#187;0&#8243; shift_y=&#187;0&#8243; shift_y_down=&#187;0&#8243; z_index=&#187;0&#8243; medium_width=&#187;0&#8243; mobile_width=&#187;0&#8243; width=&#187;1\/2&#8243;][vc_button size=&#187;btn-lg&#187; wide=&#187;yes&#187; outline=&#187;yes&#187; border_width=&#187;0&#8243; link=&#187;url:%23architekt|||&#187; onclick=&#187;panel-collapse collapse in&#187;]Architekt\/in FH[\/vc_button][vc_button size=&#187;btn-lg&#187; wide=&#187;yes&#187; outline=&#187;yes&#187; border_width=&#187;0&#8243; link=&#187;url:%23|||&#187;]Hochbauzeichner\/in[\/vc_button][vc_button size=&#187;btn-lg&#187; wide=&#187;yes&#187; outline=&#187;yes&#187; border_width=&#187;0&#8243; link=&#187;url:%23|||&#187; uncode_shortcode_id=&#187;131062&#8243;]Metallbauer\/in, Konstruktionsschlosser\/in[\/vc_button][vc_button size=&#187;btn-lg&#187; wide=&#187;yes&#187; outline=&#187;yes&#187; border_width=&#187;0&#8243; link=&#187;url:%23|||&#187; uncode_shortcode_id=&#187;126556&#8243;]Metallbaukonstrukteur EFZ [\/vc_button][vc_button size=&#187;btn-lg&#187; wide=&#187;yes&#187; outline=&#187;yes&#187; border_width=&#187;0&#8243; link=&#187;url:%23|||&#187;]Immobilienbewirtschafter\/in[\/vc_button][\/vc_column_inner][vc_column_inner column_width_percent=&#187;100&#8243; gutter_size=&#187;2&#8243; overlay_alpha=&#187;50&#8243; shift_x=&#187;0&#8243; shift_y=&#187;0&#8243; shift_y_down=&#187;0&#8243; z_index=&#187;0&#8243; medium_width=&#187;0&#8243; mobile_width=&#187;0&#8243; width=&#187;1\/2&#8243;][vc_button size=&#187;btn-lg&#187; wide=&#187;yes&#187; outline=&#187;yes&#187; border_width=&#187;0&#8243; link=&#187;url:%23|||&#187;]Bauleiter\/in[\/vc_button][vc_button size=&#187;btn-lg&#187; wide=&#187;yes&#187; outline=&#187;yes&#187; border_width=&#187;0&#8243; link=&#187;url:%23lehre-metallbau|||&#187;]Lehre als Metallbauer\/in EFZ Metallbau[\/vc_button][vc_button size=&#187;btn-lg&#187; wide=&#187;yes&#187; outline=&#187;yes&#187; border_width=&#187;0&#8243; link=&#187;url:%23zusatzlehre-metallbau|||&#187; uncode_shortcode_id=&#187;192832&#8243;]Zusatzlehre als Metallbaukonstrukteur\/in EFZ [\/vc_button][\/vc_column_inner][\/vc_row_inner][vc_column_text]Gemeinsam wollen wir die MLG-Gruppe mit einer nachhaltigen Entwicklung in die Zukunft f\u00fchren.[\/vc_column_text][vc_empty_space empty_h=&#187;2&#8243;][vc_custom_heading heading_semantic=&#187;h3&#8243; text_size=&#187;&#187; text_weight=&#187;700&#8243;]Lehrstellen[\/vc_custom_heading][vc_accordion history=&#187;yes&#187; typography=&#187;yes&#187; active_tab=&#187;0&#8243;][vc_accordion_tab title=&#187;Lehre als Metallbauer \/-in EFZ&#187; tab_id=&#187;1530687293202-4-41547018579962&#8243; slug=&#187;lehre-metallbau&#187;][vc_empty_space empty_h=&#187;2&#8243;][vc_column_text uncode_shortcode_id=&#187;119792&#8243;]<strong>Wir sind eine Unternehmung der MLG Holding AG mit Sitz in Bern. Ob Stahl, Alu oder CrNi: Wir planen, bearbeiten und montieren von der Idee bis zum schl\u00fcsselfertigen Produkt. Statische und bauphysikalische Anforderungen erf\u00fcllen, die Koordination aller Beteiligten, die termingerechte und wirtschaftliche \u00dcberwachung sind f\u00fcr uns selbstverst\u00e4ndlich.<\/strong><\/p>\n<p>M\u00f6chtest du gerne ab August 2025 eine 4-j\u00e4hrige<strong> Lehre als Metallbauer\/in EFZ<\/strong> machen?<br \/>\nVielleicht k\u00f6nnen wir dir weiterhelfen!<\/p>\n<p>Du bist ein\/e selbst\u00e4ndig\/e Macher\/in und willst eine konstruktive Zukunft? Dann ist der Beruf Metallbauer\/in EFZ genau richtig f\u00fcr dich. Es bieten dir verschiedene Fachrichtungen sowie zukunftstr\u00e4chtige Weiterbildungsm\u00f6glichkeiten. Du kannst mit deinen eigenen H\u00e4nden etwas erschaffen, sei es draussen oder drinnen.<\/p>\n<p>Metallbau ist Teamarbeit! Es kommt auf jeden an, damit es gut wird. Bauen mit Metall fasziniert. Am Ende des Tages siehst du, was du gemacht hast.<\/p>\n<p><strong>Vorteile, die wir Dir bieten<\/strong><\/p>\n<ul>\n<li>wir sind ein mittelgrosser KMU-Betrieb in Bern<\/li>\n<li>getrennte Metallbau- sowie Fassadenbauabteilung<\/li>\n<li>Lehrlingspl\u00e4tze mit eigenem Werkzeug<\/li>\n<li>abwechslungsreiche Arbeit, vom Gel\u00e4nder bis zur hochkomplexen Solarfassade<\/li>\n<\/ul>\n<p><strong>Anforderungen, die Du mitbringst<\/strong><\/p>\n<ul>\n<li>abgeschlossene Realschule<\/li>\n<li>technisches Verst\u00e4ndnis<\/li>\n<li>\u00fcberdurchschnittliche Noten in Mathematik und Geometrie<\/li>\n<li>exakte Arbeitsweise und Zuverl\u00e4ssigkeit<\/li>\n<li>arbeitest gerne im Team<\/li>\n<\/ul>\n<p><strong>Gut zu wissen<\/strong><br \/>\nDie Ausbildung dauert 4 Jahre. Pro Woche 1 Tag Schule (mit BMS 1.5 Tage). Pro Jahr wird ein mehrt\u00e4giger Einf\u00fchrungskurs durchgef\u00fchrt.<\/p>\n<p><strong>Kontakt<\/strong><br \/>\nHaben wir dein Interesse geweckt? Bewirb dich gleich oder vereinbare einen Termin f\u00fcr eine Schnupperlehre.<br \/>\nBitte richte deine schriftliche Bewerbungsunterlagen an:<\/p>\n<p>MLG Metall und Planung AG<br \/>\nHerr Benjamin L\u00fcthi<br \/>\nZikadenweg 27a<br \/>\nCH-3006 Bern<\/p>\n<figure id=\"attachment_728\" aria-describedby=\"caption-attachment-728\" style=\"width: 218px\" class=\"wp-caption alignnone\"><a href=\"mailto:Benjamin.Luethi@mlg-ag.ch\"><img decoding=\"async\" class=\"wp-image-728\" src=\"https:\/\/mlg-ag.ch\/metallundplanung\/wp-content\/uploads\/sites\/4\/2018\/03\/Benjamin_LA\u030athi-500x500.jpg\" alt=\"Benjamin L\u00fcthi\" width=\"218\" height=\"218\" srcset=\"https:\/\/mlg-ag.ch\/metallundplanung\/wp-content\/uploads\/sites\/4\/2018\/03\/Benjamin_LA\u030athi-500x500.jpg 500w, https:\/\/mlg-ag.ch\/metallundplanung\/wp-content\/uploads\/sites\/4\/2018\/03\/Benjamin_LA\u030athi-300x300.jpg 300w, https:\/\/mlg-ag.ch\/metallundplanung\/wp-content\/uploads\/sites\/4\/2018\/03\/Benjamin_LA\u030athi-768x768.jpg 768w, https:\/\/mlg-ag.ch\/metallundplanung\/wp-content\/uploads\/sites\/4\/2018\/03\/Benjamin_LA\u030athi-1024x1024.jpg 1024w, https:\/\/mlg-ag.ch\/metallundplanung\/wp-content\/uploads\/sites\/4\/2018\/03\/Benjamin_LA\u030athi.jpg 1200w\" sizes=\"(max-width: 218px) 100vw, 218px\" \/><\/a><figcaption id=\"caption-attachment-728\" class=\"wp-caption-text\">Eidg. dipl. Metallbauprojektleiter SMT\/TS<\/figcaption><\/figure>\n<p>&nbsp;<\/p>\n<p><strong>Weitere Infos zum Beruf<\/strong><\/p>\n<p><iframe title=\"Der Metallbau: deine Herausforderung, dein Beruf! Bist du stark genug? metall+du\" width=\"840\" height=\"473\" src=\"https:\/\/www.youtube.com\/embed\/nrOvfmygu9c?feature=oembed&#038;width=840&#038;height=1000&#038;discover=1\" frameborder=\"0\" allow=\"accelerometer; autoplay; clipboard-write; encrypted-media; gyroscope; picture-in-picture; web-share\" referrerpolicy=\"strict-origin-when-cross-origin\" allowfullscreen><\/iframe><\/p>\n<p><a href=\"https:\/\/www.metall-und-du.ch\/metallbauerin\/\" target=\"_blank\" rel=\"noopener noreferrer\">www.metall-und-du.ch<\/a>[\/vc_column_text][\/vc_accordion_tab][vc_accordion_tab title=&#187;Zusatzlehre als Metallbaukonstrukteur \/-in EFZ&#187; tab_id=&#187;1530687446334-6-101547018579962&#8243; slug=&#187;zusatzlehre-metallbau&#187;][vc_empty_space empty_h=&#187;2&#8243;][vc_column_text uncode_shortcode_id=&#187;166065&#8243;]<strong>Wir sind eine Unternehmung der MLG Holding AG mit Sitz in Bern. Ob Stahl, Alu oder CrNi: Wir planen, bearbeiten und montieren von der Idee bis zum schl\u00fcsselfertigen Produkt. Statische und bauphysikalische Anforderungen erf\u00fcllen, die Koordination aller Beteiligten, die termingerechte und wirtschaftliche \u00dcberwachung sind f\u00fcr uns selbstverst\u00e4ndlich.<\/strong><\/p>\n<p>Wir suchen dich!<\/p>\n<p><strong>Zusatzlehre als Metallbaukonstrukteur \/-in EFZ<\/strong><\/p>\n<p>M\u00f6chtest du gerne ab August 2025 eine 2-j\u00e4hrige Zusatzlehre als Metallbaukonstrukteur \/-in EFZ machen?<br \/>\nEventuell haben wir genau das was du suchst.<\/p>\n<p>Du hast Freude an der Planung und Konstruktion von Fassaden-, Metallbau- und Stahlbauarbeiten. Es macht dir Freude, Verantwortung f\u00fcr ein Projekt zu \u00fcbernehmen um dies von A-Z durchzuf\u00fchren?<\/p>\n<p><strong>Vorteile, die wir Dir bieten<\/strong><\/p>\n<ul>\n<li>wir sind ein mittelgrosser KMU-Betrieb in Bern<\/li>\n<li>modernes B\u00fcro mit zeitgem\u00e4sser Infrastruktur<\/li>\n<li>vielf\u00e4ltige Arbeit<\/li>\n<li>zeitgem\u00e4sse Entl\u00f6hnung \/ Sozialleistungen<\/li>\n<li>rasche Kompetenz\u00fcbergabe<\/li>\n<li>AutoCAD mit entsprechender Metallbauapplikation<\/li>\n<\/ul>\n<p><strong>Voraussetzungen, die Du mitbringst<\/strong><\/p>\n<ul>\n<li>abgeschlossene Realschule<\/li>\n<li>abgeschlossene Ausbildung als Metallbauer\/in EFZ<\/li>\n<li>technisches Verst\u00e4ndnis<\/li>\n<li>\u00fcberdurchschnittliche Noten in Mathematik und Geometrie<\/li>\n<li>r\u00e4umliches Vorstellungsverm\u00f6gen<\/li>\n<li>logisches Denken<\/li>\n<li>exakte Arbeitsweise und Zuverl\u00e4ssigkeit<\/li>\n<li>vertraut mit Microsoft Office (Excel, Word etc.)<\/li>\n<li>arbeitest gerne sowohl im Team als auch selbst\u00e4ndig<\/li>\n<\/ul>\n<p><strong>Gut zu wissen<\/strong><br \/>\nDie Ausbildung dauert als Zusatzlehre 2 Jahre. Pro Woche 1 Tag Schule (mit BMS 1.5 Tage). Pro Jahr wird ein mehrt\u00e4giger Einf\u00fchrungskurs durchgef\u00fchrt.<\/p>\n<p><strong>Kontakt<br \/>\n<\/strong>Haben wir dein Interesse geweckt? So bewirb dich gleich oder vereinbare einen Termin.<br \/>\nBitte richte deine schriftliche Bewerbungsunterlagen an:<\/p>\n<p>MLG Metall und Planung AG<br \/>\nHerr Benjamin L\u00fcthi<br \/>\nZikadenweg 27a<br \/>\nCH-3006 Bern<\/p>\n<figure id=\"attachment_728\" aria-describedby=\"caption-attachment-728\" style=\"width: 218px\" class=\"wp-caption alignnone\"><a href=\"mailto:Benjamin.Luethi@mlg-ag.ch\"><img decoding=\"async\" class=\"wp-image-728\" src=\"https:\/\/mlg-ag.ch\/metallundplanung\/wp-content\/uploads\/sites\/4\/2018\/03\/Benjamin_LA\u030athi-500x500.jpg\" alt=\"Benjamin L\u00fcthi\" width=\"218\" height=\"218\" srcset=\"https:\/\/mlg-ag.ch\/metallundplanung\/wp-content\/uploads\/sites\/4\/2018\/03\/Benjamin_LA\u030athi-500x500.jpg 500w, https:\/\/mlg-ag.ch\/metallundplanung\/wp-content\/uploads\/sites\/4\/2018\/03\/Benjamin_LA\u030athi-300x300.jpg 300w, https:\/\/mlg-ag.ch\/metallundplanung\/wp-content\/uploads\/sites\/4\/2018\/03\/Benjamin_LA\u030athi-768x768.jpg 768w, https:\/\/mlg-ag.ch\/metallundplanung\/wp-content\/uploads\/sites\/4\/2018\/03\/Benjamin_LA\u030athi-1024x1024.jpg 1024w, https:\/\/mlg-ag.ch\/metallundplanung\/wp-content\/uploads\/sites\/4\/2018\/03\/Benjamin_LA\u030athi.jpg 1200w\" sizes=\"(max-width: 218px) 100vw, 218px\" \/><\/a><figcaption id=\"caption-attachment-728\" class=\"wp-caption-text\">Eidg. dipl. Metallbauprojektleiter SMT\/TS<\/figcaption><\/figure>\n<p>[\/vc_column_text][\/vc_accordion_tab][\/vc_accordion][vc_empty_space empty_h=&#187;2&#8243;][vc_custom_heading heading_semantic=&#187;h3&#8243; text_size=&#187;&#187; text_weight=&#187;700&#8243;]Offene Stellen[\/vc_custom_heading][vc_accordion history=&#187;yes&#187; typography=&#187;yes&#187; active_tab=&#187;0&#8243;][vc_accordion_tab gutter_size=&#187;2&#8243; column_padding=&#187;2&#8243; title=&#187;Chefmonteur&#187; tab_id=&#187;1530622939921-2-21547018579962&#8243; slug=&#187;chefmonteur&#187;][vc_empty_space empty_h=&#187;2&#8243;][vc_column_text uncode_shortcode_id=&#187;167695&#8243;]<strong>Wir sind eine Unternehmung der MLG Holding AG mit Sitz in Bern. Ob Stahl, Alu oder CrNi: Wir planen, bearbeiten und montieren von der Idee bis zum schl\u00fcsselfertigen Produkt. Statische und bauphysikalische Anforderungen erf\u00fcllen, die Koordination aller Beteiligten, die termingerechte und wirtschaftliche \u00dcberwachung sind f\u00fcr uns selbstverst\u00e4ndlich.<\/strong><\/p>\n<p>Zur Erg\u00e4nzung unseres Teams suchen wir nach Vereinbarung eine\/n versierte\/n und kompetente\/n:<br \/>\n<strong>Chefmonteur<\/strong><\/p>\n<p><strong>Voraussetzungen, die Sie mitbringen<\/strong><\/p>\n<ul>\n<li>Mind. 5 Jahre Montageerfahrung (Idealalter zwischen 30 &#8211; 45 Jahre)<\/li>\n<li>Abgeschlossene Berufslehre z.B. als Konstrukteur, Monteur oder Metallbautechniker<\/li>\n<li>F\u00fchrungsqualit\u00e4ten (Leitung von ca. 5-8 Mann)<\/li>\n<li>Organisationstalent (Leitung von mehreren Baustellen)<\/li>\n<li>Mithilfe am Bau ist selbstverst\u00e4ndlich<\/li>\n<li>Koordination zwischen Werkstatt, Montage und Bauleitung<\/li>\n<li>Belastbar, flexibel und innovativ<\/li>\n<\/ul>\n<p><strong>Vorteile, die wir Ihnen bieten<\/strong><\/p>\n<ul>\n<li>Montagen vorwiegen Region Bern f\u00fcr Fassaden, Stahlbau, Vord\u00e4cher und Allg. Metallbau<\/li>\n<li>Interessante und abwechslungsreiche T\u00e4tigkeit<\/li>\n<li>Eigenes Servicefahrzeug<\/li>\n<li>\u00dcberdurchschnittliche Entl\u00f6hnung<\/li>\n<\/ul>\n<p><strong>Kontakt<\/strong><br \/>\nBitte richten Sie Ihre schriftlichen Bewerbungsunterlagen an:<\/p>\n<p>MLG Metall und Planung AG<br \/>\nHerr Donato Gregorio<br \/>\nZikadenweg 27a<br \/>\nCH-3006 Bern<\/p>\n<figure id=\"attachment_731\" aria-describedby=\"caption-attachment-731\" style=\"width: 218px\" class=\"wp-caption alignnone\"><a href=\"mailto:Donato.Gregorio@mlg-ag.ch\"><img decoding=\"async\" class=\"wp-image-731\" src=\"https:\/\/mlg-ag.ch\/metallundplanung\/wp-content\/uploads\/sites\/4\/2018\/03\/Donato_Gregorio-500x500.jpg\" alt=\"Donato Gregorio\" width=\"218\" height=\"218\" srcset=\"https:\/\/mlg-ag.ch\/metallundplanung\/wp-content\/uploads\/sites\/4\/2018\/03\/Donato_Gregorio-500x500.jpg 500w, https:\/\/mlg-ag.ch\/metallundplanung\/wp-content\/uploads\/sites\/4\/2018\/03\/Donato_Gregorio-300x300.jpg 300w, https:\/\/mlg-ag.ch\/metallundplanung\/wp-content\/uploads\/sites\/4\/2018\/03\/Donato_Gregorio-768x768.jpg 768w, https:\/\/mlg-ag.ch\/metallundplanung\/wp-content\/uploads\/sites\/4\/2018\/03\/Donato_Gregorio-1024x1024.jpg 1024w, https:\/\/mlg-ag.ch\/metallundplanung\/wp-content\/uploads\/sites\/4\/2018\/03\/Donato_Gregorio.jpg 1200w\" sizes=\"(max-width: 218px) 100vw, 218px\" \/><\/a><figcaption id=\"caption-attachment-731\" class=\"wp-caption-text\">Gesch\u00e4ftsf\u00fchrer MLG Metall und Planung AG<br \/>Teilhaber MLG Metall und Planung AG<\/figcaption><\/figure>\n<p>[\/vc_column_text][\/vc_accordion_tab][vc_accordion_tab title=&#187;Metallbauer \/ Konstruktionsschlosser&#187; tab_id=&#187;1530687398233-5-31547018579962&#8243; slug=&#187;metallbauer-konstruktionsschlosser&#187;][vc_empty_space empty_h=&#187;2&#8243;][vc_column_text uncode_shortcode_id=&#187;463126&#8243;]<strong>Wir sind eine Unternehmung der MLG Holding AG mit Sitz in Bern. Ob Stahl, Alu oder CrNi: Wir planen, bearbeiten und montieren von der Idee bis zum schl\u00fcsselfertigen Produkt. Statische und bauphysikalische Anforderungen erf\u00fcllen, die Koordination aller Beteiligten, die termingerechte und wirtschaftliche \u00dcberwachung sind f\u00fcr uns selbstverst\u00e4ndlich.<br \/>\n<\/strong><\/p>\n<p>Zur Erg\u00e4nzung unseres Teams suchen wir nach Vereinbarung eine\/n:<br \/>\n<strong>Metallbauer \/ Konstruktionsschlosser <\/strong>mit eidg. F\u00e4higkeitsausweis<\/p>\n<p><strong>Voraussetzungen, die Sie mitbringen<\/strong><\/p>\n<ul>\n<li>Mind. 5 Jahre Berufserfahrung im Bereich Treppen, Gel\u00e4nder, T\u00fcren, Fenster usw.<\/li>\n<li>Abgeschlossene Berufslehre als Metallbauschlosser<\/li>\n<li>Selbst\u00e4ndiges fertigen ab Plan<\/li>\n<\/ul>\n<p><strong>Vorteile, die wir Ihnen bieten<\/strong><br \/>\nWir bieten interessante und abwechslungsreiche sowie qualitativ hochstehende Metallbauerauftr\u00e4ge vorwiegend in unserer Werkstatt.<\/p>\n<p><strong>Kontakt<\/strong><br \/>\nBitte richten Sie Ihre schriftlichen Bewerbungsunterlagen an:<\/p>\n<p>MLG Metall und Planung AG<br \/>\nHerr Donato Gregorio<br \/>\nZikadenweg 27a<br \/>\nCH-3006 Bern<\/p>\n<figure id=\"attachment_731\" aria-describedby=\"caption-attachment-731\" style=\"width: 218px\" class=\"wp-caption alignnone\"><a href=\"mailto:Donato.Gregorio@mlg-ag.ch\"><img decoding=\"async\" class=\"wp-image-731\" src=\"https:\/\/mlg-ag.ch\/metallundplanung\/wp-content\/uploads\/sites\/4\/2018\/03\/Donato_Gregorio-500x500.jpg\" alt=\"Donato Gregorio\" width=\"218\" height=\"218\" srcset=\"https:\/\/mlg-ag.ch\/metallundplanung\/wp-content\/uploads\/sites\/4\/2018\/03\/Donato_Gregorio-500x500.jpg 500w, https:\/\/mlg-ag.ch\/metallundplanung\/wp-content\/uploads\/sites\/4\/2018\/03\/Donato_Gregorio-300x300.jpg 300w, https:\/\/mlg-ag.ch\/metallundplanung\/wp-content\/uploads\/sites\/4\/2018\/03\/Donato_Gregorio-768x768.jpg 768w, https:\/\/mlg-ag.ch\/metallundplanung\/wp-content\/uploads\/sites\/4\/2018\/03\/Donato_Gregorio-1024x1024.jpg 1024w, https:\/\/mlg-ag.ch\/metallundplanung\/wp-content\/uploads\/sites\/4\/2018\/03\/Donato_Gregorio.jpg 1200w\" sizes=\"(max-width: 218px) 100vw, 218px\" \/><\/a><figcaption id=\"caption-attachment-731\" class=\"wp-caption-text\">Gesch\u00e4ftsf\u00fchrer MLG Metall und Planung AG<\/p>\n<p>Teilhaber MLG Metall und Planung AG<\/figcaption><\/figure>\n<p>[\/vc_column_text][\/vc_accordion_tab][vc_accordion_tab gutter_size=&#187;2&#8243; column_padding=&#187;2&#8243; title=&#187;Metallbaukonstrukteur EFZ&#187; tab_id=&#187;1716450710171-2-6&#8243; slug=&#187;metallbaukonstrukteur&#187;][vc_empty_space][vc_column_text uncode_shortcode_id=&#187;643295&#8243;]<strong>Wir suchen dich!<\/strong><\/p>\n<p><strong>Metallbaukonstrukteur EFZ, Konstrukteur EFZ Maschinenbau oder \u00e4hnliche Ausbildungen!<\/strong><\/p>\n<p><strong>Du hast Freude an der Planung und Konstruktion von Fassaden-, Metallbau- und Stahlbauarbeiten. Es macht dir Freude Verantwortung f\u00fcr ein Projekt zu \u00fcbernehmen und dies von A-Z durchzuf\u00fchren.<\/strong><\/p>\n<p>&nbsp;<\/p>\n<p><strong>Wir bieten:<\/strong><\/p>\n<ul>\n<li>wir sind ein mittelgrosser KMU-Betrieb in Bern<\/li>\n<li>modernes B\u00fcro mit zeitgem\u00e4sser Infrastruktur<\/li>\n<li>Arbeit in kleinem Team<\/li>\n<li>vielf\u00e4ltige Arbeit<\/li>\n<li>\u00fcberdurchschnittliche Entl\u00f6hnung &amp; Sozialleistungen<\/li>\n<li>rasche Kompetenz\u00fcbergabe<\/li>\n<li>Auto CAD mit entsprechender Metallbauapplikation<\/li>\n<li>Weiterbildungsm\u00f6glichkeiten intern wie auch extern<\/li>\n<li>Benutzung eines Firmenautos<\/li>\n<\/ul>\n<p>&nbsp;<\/p>\n<p><strong>Du bringst folgendes mit:<\/strong><\/p>\n<ul>\n<li>abgeschlossene Ausbildung als Metallbaukonstrukteur EFZ oder \u00e4hnliches<\/li>\n<li>technisches Verst\u00e4ndnis<\/li>\n<li>r\u00e4umliches Vorstellungsverm\u00f6gen und logisches Denken<\/li>\n<li>exakte Arbeitsweise und Zuverl\u00e4ssigkeit<\/li>\n<li>erfahren in AutoCAD<\/li>\n<li>vertraut mit der MS Office Softwarepalette (Excel &amp; Word)<\/li>\n<li>du arbeitest gerne sowohl im Team wie auch als Eigenst\u00e4ndiger<\/li>\n<\/ul>\n<p>&nbsp;<\/p>\n<p>Haben wir dein Interesse geweckt? So bewirb dich gleich oder vereinbare ein Termin.<\/p>\n<p>&nbsp;<\/p>\n<p><strong>Kontakt:<\/strong><\/p>\n<p>Bitte richten Sie Ihre schriftlichen Bewerbungsunterlagen an:<\/p>\n<p>MLG Metall und Planung AG<br \/>\nHerr Benjamin L\u00fcthi<br \/>\nZikadenweg 27a<br \/>\nCH-3006 Bern<\/p>\n<figure id=\"attachment_728\" aria-describedby=\"caption-attachment-728\" style=\"width: 216px\" class=\"wp-caption alignnone\"><img decoding=\"async\" class=\" wp-image-728\" src=\"https:\/\/mlg-ag.ch\/metallundplanung\/wp-content\/uploads\/sites\/4\/2018\/03\/Benjamin_LA\u030athi-500x500.jpg\" alt=\"Benjamin L\u00fcthi\" width=\"216\" height=\"216\" srcset=\"https:\/\/mlg-ag.ch\/metallundplanung\/wp-content\/uploads\/sites\/4\/2018\/03\/Benjamin_LA\u030athi-500x500.jpg 500w, https:\/\/mlg-ag.ch\/metallundplanung\/wp-content\/uploads\/sites\/4\/2018\/03\/Benjamin_LA\u030athi-300x300.jpg 300w, https:\/\/mlg-ag.ch\/metallundplanung\/wp-content\/uploads\/sites\/4\/2018\/03\/Benjamin_LA\u030athi-768x768.jpg 768w, https:\/\/mlg-ag.ch\/metallundplanung\/wp-content\/uploads\/sites\/4\/2018\/03\/Benjamin_LA\u030athi-1024x1024.jpg 1024w, https:\/\/mlg-ag.ch\/metallundplanung\/wp-content\/uploads\/sites\/4\/2018\/03\/Benjamin_LA\u030athi.jpg 1200w\" sizes=\"(max-width: 216px) 100vw, 216px\" \/><figcaption id=\"caption-attachment-728\" class=\"wp-caption-text\">Eidg. dipl. Metallbauprojektleiter SMT\/TS<\/figcaption><\/figure>\n<p>[\/vc_column_text][\/vc_accordion_tab][\/vc_accordion][\/vc_column][\/vc_row]<\/p>\n","protected":false},"excerpt":{"rendered":"<p>[vc_row row_height_percent=&#187;99&#8243; override_padding=&#187;yes&#187; h_padding=&#187;2&#8243; top_padding=&#187;6&#8243; bottom_padding=&#187;6&#8243; overlay_alpha=&#187;50&#8243; gutter_size=&#187;3&#8243; column_width_use_pixel=&#187;yes&#187; shift_y=&#187;0&#8243; z_index=&#187;0&#8243; column_width_pixel=&#187;960&#8243;][vc_column column_width_percent=&#187;100&#8243; position_vertical=&#187;middle&#187; gutter_size=&#187;3&#8243; overlay_alpha=&#187;50&#8243; shift_x=&#187;0&#8243; shift_y=&#187;0&#8243; shift_y_down=&#187;0&#8243; z_index=&#187;0&#8243; [&hellip;]<\/p>\n","protected":false},"author":1,"featured_media":0,"parent":0,"menu_order":0,"comment_status":"closed","ping_status":"closed","template":"","meta":{"_mi_skip_tracking":false},"_links":{"self":[{"href":"https:\/\/mlg-ag.ch\/metallundplanung\/wp-json\/wp\/v2\/pages\/1156"}],"collection":[{"href":"https:\/\/mlg-ag.ch\/metallundplanung\/wp-json\/wp\/v2\/pages"}],"about":[{"href":"https:\/\/mlg-ag.ch\/metallundplanung\/wp-json\/wp\/v2\/types\/page"}],"author":[{"embeddable":true,"href":"https:\/\/mlg-ag.ch\/metallundplanung\/wp-json\/wp\/v2\/users\/1"}],"replies":[{"embeddable":true,"href":"https:\/\/mlg-ag.ch\/metallundplanung\/wp-json\/wp\/v2\/comments?post=1156"}],"version-history":[{"count":19,"href":"https:\/\/mlg-ag.ch\/metallundplanung\/wp-json\/wp\/v2\/pages\/1156\/revisions"}],"predecessor-version":[{"id":1291,"href":"https:\/\/mlg-ag.ch\/metallundplanung\/wp-json\/wp\/v2\/pages\/1156\/revisions\/1291"}],"wp:attachment":[{"href":"https:\/\/mlg-ag.ch\/metallundplanung\/wp-json\/wp\/v2\/media?parent=1156"}],"curies":[{"name":"wp","href":"https:\/\/api.w.org\/{rel}","templated":true}]}}