{"id":2,"date":"2018-03-06T10:10:36","date_gmt":"2018-03-06T09:10:36","guid":{"rendered":"http:\/\/mlg-ag.ch\/metallundplanung\/?page_id=2"},"modified":"2020-10-09T08:54:49","modified_gmt":"2020-10-09T06:54:49","slug":"firmenportraet","status":"publish","type":"page","link":"https:\/\/mlg-ag.ch\/metallundplanung\/firmenportraet\/","title":{"rendered":"Firmenportrait"},"content":{"rendered":"<p>[vc_row row_height_percent=&#187;99&#8243; override_padding=&#187;yes&#187; h_padding=&#187;2&#8243; top_padding=&#187;6&#8243; bottom_padding=&#187;6&#8243; overlay_alpha=&#187;50&#8243; gutter_size=&#187;3&#8243; column_width_use_pixel=&#187;yes&#187; shift_y=&#187;0&#8243; z_index=&#187;0&#8243; column_width_pixel=&#187;960&#8243;][vc_column column_width_percent=&#187;100&#8243; position_vertical=&#187;middle&#187; gutter_size=&#187;3&#8243; overlay_alpha=&#187;50&#8243; shift_x=&#187;0&#8243; shift_y=&#187;0&#8243; shift_y_down=&#187;0&#8243; z_index=&#187;0&#8243; medium_width=&#187;0&#8243; mobile_width=&#187;0&#8243;][vc_empty_space empty_h=&#187;2&#8243; desktop_visibility=&#187;yes&#187;][vc_custom_heading heading_semantic=&#187;h1&#8243; text_size=&#187;&#187; text_transform=&#187;uppercase&#187; sub_lead=&#187;yes&#187;]Unkonventionelle Bauten umzusetzen: Das ist unsere St\u00e4rke![\/vc_custom_heading][vc_column_text text_lead=&#187;yes&#187;]Ein freitragender Ger\u00fcstturm f\u00fcr die Schweizerische Post von 50 Tonnen, ein Jugenstil-Dach in der Altstadt, ein Schiff f\u00fcr die Landesausstellung Expo 02, ein 3-st\u00f6ckiges Geb\u00e4ude f\u00fcr die Uhrenmesse Basel, eine aufgeh\u00e4ngte Wendeltreppe f\u00fcr das Bundeshaus, gebogene Glasw\u00e4nde f\u00fcr das Paul Klee Museum oder eine Solaranlage als Fassade auf dem Kl. Matterhorn (3840 m \u00fc. M.). Das ist Musik f\u00fcr uns![\/vc_column_text][vc_column_text]Details zu entwickeln, die es in Schulkatalogen nicht gibt und auch nicht geben wird, denn sie sind einmalig und einzigartig. Die immer wiederkehrenden kilometerlangen Gel\u00e4nder, die vielen Brandschutzt\u00fcren und -fronten sowie Balkont\u00fcrme ern\u00e4hren &#171;unsere Grundbed\u00fcrfnisse&#187;; das nicht allt\u00e4gliche ern\u00e4hrt &#171;unsere Seele&#187;.<\/p>\n<p>Bei uns bekommt jede Fassade ihre eigene Identit\u00e4t, jedes Geb\u00e4ude ein einzigartiges Gesicht. Hier sehen wir noch ein enormes Potential an unsanierten, schlecht isolierten und gestaltungslosen Geb\u00e4udeh\u00fcllen; auch in Kombination mit Solarpaneelanlagen. Das ist unser verst\u00e4rktes Engagement f\u00fcr die Zukunft!<\/p>\n<p>Ob Stahl, Alu oder CrNi: Wir planen, bearbeiten und montieren von der Idee bis zum schl\u00fcsselfertigen Produkt. Statische und bauphysikalische Anforderungen erf\u00fcllen, die Koordination aller Beteiligten, die termingerechte und wirtschaftliche \u00dcberwachung sind f\u00fcr uns selbstverst\u00e4ndlich.<\/p>\n<p>Wir sind gespannt auf Ihre komplexen Aufgabenstellungen![\/vc_column_text][vc_empty_space empty_h=&#187;1&#8243;][vc_custom_heading text_size=&#187;&#187; text_weight=&#187;700&#8243; text_transform=&#187;uppercase&#187;]Unsere Dienstleistungen[\/vc_custom_heading][vc_accordion typography=&#187;yes&#187; active_tab=&#187;0&#8243;][vc_accordion_tab title=&#187;Fassadentechnik&#187; tab_id=&#187;1530611618-1-72&#8243;][uncode_list icon=&#187;fa fa-circle-check&#187; icon_color=&#187;accent&#187;]<\/p>\n<ul>\n<li>Isolierte und unisolierte Fassadensysteme bis ca. 6&#8217;000 m2<\/li>\n<li>Integral-Kasten-Fenster mit integrierter Sonnenstore und vorverglastem Aussenrahmen<\/li>\n<li>RMG 1.0 Rechteckfenster, Rundfenster, gebogene Fenster<\/li>\n<li>Pfosten-Riegel Fassaden-Systeme<\/li>\n<li>Mehrschichtige hinterl\u00fcftete Blechfassaden oder Alucobondplatten sowie Sandwich-Systeme<\/li>\n<li>Hebeschiebet\u00fcren und Faltw\u00e4nde<\/li>\n<li>Winterg\u00e4rten und Balkonverglasungen<\/li>\n<li>Innenfassaden aller Art<\/li>\n<\/ul>\n<p>[\/uncode_list][\/vc_accordion_tab][vc_accordion_tab title=&#187;Metallbau \/ Blechbearbeitung&#187; tab_id=&#187;1530611618-2-31&#8243;][uncode_list icon=&#187;fa fa-circle-check&#187; icon_color=&#187;accent&#187;]<\/p>\n<ul>\n<li>Treppen, Gel\u00e4nder, Balkonanlagen, Pergolas<\/li>\n<li>Oberlichter, Vord\u00e4cher, Verglasungen, Schaufenster<\/li>\n<li>T\u00fcren, Tore, Schiebet\u00fcren und Schiebefensterl\u00e4den (in Alu)<\/li>\n<li>B\u00fcrotrennw\u00e4nde, Tische, Designm\u00f6bel, Produktst\u00e4nder<\/li>\n<li>Abkantarbeiten in Blechdicken bis 4 mm CrNi, 6 mm in Alu und Stahl<\/li>\n<li>Weiterhin bieten wir an: Metallbaufertigeile, Briefk\u00e4sten, Rollgitter (keine Eigenproduktion)<\/li>\n<\/ul>\n<p>[\/uncode_list][\/vc_accordion_tab][vc_accordion_tab title=&#187;Stahlbau&#187; tab_id=&#187;1530611816708-2-1&#8243;][uncode_list icon=&#187;fa fa-circle-check&#187; icon_color=&#187;accent&#187;]<\/p>\n<ul>\n<li>Skelettbau f\u00fcr Hallenkonstruktionen bis 100 Tonnen<\/li>\n<li>Fachwerke<\/li>\n<li>\u00dcberdachungen<\/li>\n<li>Abfangungen<\/li>\n<li>St\u00fctzen und Tr\u00e4ger<\/li>\n<li>Unterkonstruktion aller Art<\/li>\n<\/ul>\n<p>[\/uncode_list][\/vc_accordion_tab][vc_accordion_tab title=&#187;Lebensmittelschlosserei&#187; tab_id=&#187;1530611846221-3-5&#8243;][uncode_list icon=&#187;fa fa-circle-check&#187; icon_color=&#187;accent&#187;]<\/p>\n<ul>\n<li>Eurohaken f\u00fcr K\u00fchlm\u00f6bel Coop \/ Migros<\/li>\n<li>Wannen und Becken in V4A<\/li>\n<li>Displayhauben<\/li>\n<li>Allg. Spezialanfertigungen in CrNi<\/li>\n<\/ul>\n<p>[\/uncode_list][\/vc_accordion_tab][\/vc_accordion][\/vc_column][\/vc_row]<\/p>\n","protected":false},"excerpt":{"rendered":"<p>[vc_row row_height_percent=&#187;99&#8243; override_padding=&#187;yes&#187; h_padding=&#187;2&#8243; top_padding=&#187;6&#8243; bottom_padding=&#187;6&#8243; overlay_alpha=&#187;50&#8243; gutter_size=&#187;3&#8243; column_width_use_pixel=&#187;yes&#187; shift_y=&#187;0&#8243; z_index=&#187;0&#8243; column_width_pixel=&#187;960&#8243;][vc_column column_width_percent=&#187;100&#8243; position_vertical=&#187;middle&#187; gutter_size=&#187;3&#8243; overlay_alpha=&#187;50&#8243; shift_x=&#187;0&#8243; shift_y=&#187;0&#8243; shift_y_down=&#187;0&#8243; z_index=&#187;0&#8243; [&hellip;]<\/p>\n","protected":false},"author":1,"featured_media":0,"parent":0,"menu_order":0,"comment_status":"closed","ping_status":"open","template":"","meta":{"_mi_skip_tracking":false},"_links":{"self":[{"href":"https:\/\/mlg-ag.ch\/metallundplanung\/wp-json\/wp\/v2\/pages\/2"}],"collection":[{"href":"https:\/\/mlg-ag.ch\/metallundplanung\/wp-json\/wp\/v2\/pages"}],"about":[{"href":"https:\/\/mlg-ag.ch\/metallundplanung\/wp-json\/wp\/v2\/types\/page"}],"author":[{"embeddable":true,"href":"https:\/\/mlg-ag.ch\/metallundplanung\/wp-json\/wp\/v2\/users\/1"}],"replies":[{"embeddable":true,"href":"https:\/\/mlg-ag.ch\/metallundplanung\/wp-json\/wp\/v2\/comments?post=2"}],"version-history":[{"count":2,"href":"https:\/\/mlg-ag.ch\/metallundplanung\/wp-json\/wp\/v2\/pages\/2\/revisions"}],"predecessor-version":[{"id":1215,"href":"https:\/\/mlg-ag.ch\/metallundplanung\/wp-json\/wp\/v2\/pages\/2\/revisions\/1215"}],"wp:attachment":[{"href":"https:\/\/mlg-ag.ch\/metallundplanung\/wp-json\/wp\/v2\/media?parent=2"}],"curies":[{"name":"wp","href":"https:\/\/api.w.org\/{rel}","templated":true}]}}