{"id":2,"date":"2018-03-06T10:10:36","date_gmt":"2018-03-06T09:10:36","guid":{"rendered":"http:\/\/mlg-ag.ch\/reinigungen\/?page_id=2"},"modified":"2020-10-09T09:01:21","modified_gmt":"2020-10-09T07:01:21","slug":"dienstleistungen","status":"publish","type":"page","link":"https:\/\/mlg-ag.ch\/reinigungen\/dienstleistungen\/","title":{"rendered":"Dienstleistungen"},"content":{"rendered":"<p>[vc_row row_height_percent=&#187;99&#8243; override_padding=&#187;yes&#187; h_padding=&#187;2&#8243; top_padding=&#187;6&#8243; bottom_padding=&#187;6&#8243; overlay_alpha=&#187;50&#8243; gutter_size=&#187;3&#8243; column_width_use_pixel=&#187;yes&#187; shift_y=&#187;0&#8243; z_index=&#187;0&#8243; column_width_pixel=&#187;960&#8243;][vc_column column_width_percent=&#187;100&#8243; position_vertical=&#187;middle&#187; gutter_size=&#187;3&#8243; overlay_alpha=&#187;50&#8243; shift_x=&#187;0&#8243; shift_y=&#187;0&#8243; shift_y_down=&#187;0&#8243; z_index=&#187;0&#8243; medium_width=&#187;0&#8243; mobile_width=&#187;0&#8243;][vc_empty_space empty_h=&#187;2&#8243; desktop_visibility=&#187;yes&#187;][vc_custom_heading heading_semantic=&#187;h1&#8243; text_size=&#187;&#187; text_transform=&#187;uppercase&#187; sub_lead=&#187;yes&#187;]Die MLG Reinigungen AG bietet verschiedene Reinigungs-Dienstleistungen an.[\/vc_custom_heading][vc_accordion typography=&#187;yes&#187; active_tab=&#187;0&#8243;][vc_accordion_tab title=&#187;Bauendreinigung&#187; tab_id=&#187;1530617375-1-46&#8243;][vc_column_text]Unter dem Begriff Bauendreinigung versteht der Geb\u00e4udereiniger die Bauabschlussreinigung. Nach Bauendreinigung ist ein Geb\u00e4ude bezugsfertig bzw. kann, wenn es sich um ein \u00f6ffentliches Bauwerk handelt, seiner Bestimmung \u00fcbergeben werden.<\/p>\n<p>Die Baureinigung beinhaltet nahezu alle regul\u00e4ren Leistungen der Innen- und Aussenreinigung sowie eine ganze Reihe von Spezialleistungen, zu denen beispielsweise auch die Abfuhr des Bauschuttes oder das Herrichten der Aussenanlagen z\u00e4hlen k\u00f6nnen.<\/p>\n<p>Ein weiterer Bestandteil der Bauendreinigung ist das sogenannte Einpflegen der Bodenbel\u00e4ge. Man versteht darunter das f\u00fcr den jeweiligen Belag vorgeschriebene vollst\u00e4ndige Erstpflegeprogramm.<\/p>\n<p>Entscheidende Bedeutung hat die Bauendreinigung f\u00fcr die Bauabnahme. Bei uns gibt es eine 100% Abnahmegarantie![\/vc_column_text][\/vc_accordion_tab][vc_accordion_tab title=&#187;Industriereinigung&#187; tab_id=&#187;1530617375-2-100&#8243;][vc_column_text]Die Industriereinigung besteht nicht aus einem einheitlichen Dienstleistungsangebot.<\/p>\n<p>Sie ist vielmehr ein Komplex sehr unterschiedlicher Spezialleistungen, wie beispielsweise die Reinigung und Wartung von Maschinen und Produktionsanlagen, sowie Krananlagen.<\/p>\n<p>In ihrer Ausf\u00fchrung und Anforderung ist die Industriereinigung immer an die jeweiligen \u00f6rtlichen Voraussetzungen und an die, durch einen bestimmten Produktionsprozess entstehende Umgebungsverschmutzung angepasst.<\/p>\n<p>Hierbei kann es sich um \u00f6lige oder trockene, intensive oder leichte, grossfl\u00e4chige oder konzentrierte Verschmutzungen handeln.<\/p>\n<p>Giftige und aggressive Substanzen kommen genauso vor, wie explosive oder gesundheitssch\u00e4dliche.[\/vc_column_text][\/vc_accordion_tab][vc_accordion_tab title=&#187;Unterhaltsreinigung&#187; tab_id=&#187;1530618152596-2-4&#8243;][vc_column_text]Die Unterhaltsreinigung, heute Hauptbesch\u00e4ftigungsfeld der Geb\u00e4udereiniger und somit die zentrale Dienstleistung unseres Handwerks.<\/p>\n<p>Dieser Sammelbegriff f\u00fcr die t\u00e4gliche oder turnusm\u00e4ssige B\u00fcro- und\/oder Geb\u00e4udeinnenreinigung umfasst alle erforderlichen Reinigungsmethoden und Pflegemassnahmen. Die regelm\u00e4ssige Reinigung und Pflege ist nicht nur Nachsorge, sondern auch Vorsorge f\u00fcr Ihr Inventar. Deshalb ist in jedem Geb\u00e4ude, in dem viele Menschen ein- und ausgehen, eine regelm\u00e4ssige Reinigung und Pflege unabdingbar.<\/p>\n<p>Gemeinsam mit Ihnen arbeiten wir ein hausgerechtes Leistungsverzeichnis aus, das wir Punkt f\u00fcr Punkt professionell erf\u00fcllen. Die nahtlose Integration unserer Mitarbeiter sowie die partnerschaftliche Zusammenarbeit mit uns garantiert ein professionelles Ergebnis.[\/vc_column_text][\/vc_accordion_tab][vc_accordion_tab title=&#187;Glas- &amp; Fassadenreinigung&#187; tab_id=&#187;1530618153735-3-7&#8243;][vc_column_text]Die Glasreinigung geh\u00f6rt zu den traditionellen T\u00e4tigkeiten des Geb\u00e4udereinigers und ist der Ursprung unseres Handwerks.<\/p>\n<p>Die Glasreinigung erfordert neben handwerklichem Geschick und K\u00f6nnen auch Beweglichkeit und Schwindelfreiheit, sowie umfangreiche Kenntnisse der Unfallverh\u00fctungsvorschriften der Berufsgenossenschaften.<\/p>\n<p>Durch oftmals erschwerte Zug\u00e4nglichkeiten sind Leitern und Ger\u00fcste, Fahrk\u00f6rbe und hydraulische Hebeb\u00fchnen wichtige technische Hilfsmittel.<\/p>\n<p>Bedeutsam ist auch die Wahl der Reinigungschemie, um umliegende Bauteile &#8211; vor allem Fassaden &#8211; nicht zu besch\u00e4digen, oder zu verschmutzen.<\/p>\n<p>F\u00fcr die Reinigung repr\u00e4sentativer Fassaden mit architektonisch bedeutsamen Kombinationen von Glas-, Kunststoff- und Metallelementen ist eine st\u00e4ndige Kenntniserweiterung der zu bearbeitenden Materialien unerl\u00e4sslich.<\/p>\n<p>Zum Arbeitsgebiet der Glasreinigung geh\u00f6rt auch die Reinigung von Leuchtschriften, Beleuchtungsanlagen und Beleuchtungsk\u00f6rpern, sowie von Industrieverglasungen.<\/p>\n<p><strong>Die Fassaden Reinigung und Denkmalpflege<\/strong><\/p>\n<p>Subjektiv wie objektiv wird der Wert eines Geb\u00e4udes nach seinem \u00e4usseren Ansehen beurteilt. Arbeiten an Fassaden geh\u00f6ren zu den h\u00f6her qualifizierten T\u00e4tigkeiten des Geb\u00e4udereinigers. Zum einen werden aus fachlicher Sicht recht erhebliche Anforderungen gestellt und zum anderen sind in punkto Arbeitssicherheit und Schutzkleidung eine Reihe von Vorschriften zu erf\u00fcllen.<\/p>\n<p>Fassadenpflege beginnt mit dem Reinigen. Man ist immer wieder erstaunt, wie sch\u00f6n ein Geb\u00e4ude werden kann, wenn seine urspr\u00fcngliche Oberfl\u00e4che zum Vorschein gebracht wird. Es ist so, als ob man das Haus aus einer grauen Verpackung wickelt.<\/p>\n<p>Die anschliessende Impr\u00e4gnierung ist dann entscheidend f\u00fcr den Erhalt des Fassade. Die Atmungsaktivit\u00e4t der W\u00e4nde muss gew\u00e4hrleistet sein. Das heisst, die Impr\u00e4gnierung ist so auszuf\u00fchren, dass die Dampfdiffusion von innen nach aussen eine hydrophobierende, also wasserabstossende Schicht entsteht.<\/p>\n<p>Vor einer Fassadenbehandlung sollte in jedem Fall ein eingehendes Gespr\u00e4ch mit dem Geb\u00e4udereiniger stattfinden.[\/vc_column_text][\/vc_accordion_tab][vc_accordion_tab title=&#187;Teppichreinigung&#187; tab_id=&#187;1530618155652-4-8&#8243;][vc_column_text]Die weite Verbreitung von textilen Bel\u00e4gen hat in den letzten Jahren dazu gef\u00fchrt, dass \u00fcber 50% aller Bodenbelagsarten Textilbel\u00e4ge sind. Neben Wohn-, Verwaltungs- und Gesch\u00e4ftsbereichen steigt die Nachfrage auch in Altenheimen, Sanatorien und Schulen.<\/p>\n<p>Die wesentlichen Gr\u00fcnde daf\u00fcr sind:<br \/>\nRepr\u00e4sentation, wohnliches, behagliches Gef\u00fchl, Trittschalld\u00e4mmung und W\u00e4rmeisolierung.<\/p>\n<p>Das stellt hohe Anforderungen an den Geb\u00e4udereiniger. Ob beim B\u00fcrstsaugen in der Unterhaltsreinigung, der Fleckentfernung, der Entfernung von &#171;Laufstrassen&#187;, beim Shampoonieren, Spr\u00fchextrahieren oder Desinfizieren (keimfrei) &#8211; immer ist hohes Fachwissen gefragt.<\/p>\n<p>Die Teppichreinigung sorgt f\u00fcr Sauberkeit und Hygiene, damit die R\u00e4ume in optisch und hygienisch einwandfreiem Zustand bleiben. Die regelm\u00e4ssige Reinigung und Pflege ist nicht nur Nachsorge, sondern auch Vorsorge f\u00fcr Ihr Inventar. Deshalb ist in jedem Geb\u00e4ude, in dem viele Menschen ein- und ausgehen, eine regelm\u00e4ssige Reinigung und Pflege der Teppiche unabdingbar.<\/p>\n<p>Massgeblich f\u00fcr eine \u00f6konomische Reinigung ist die Wahl der richtigen Arbeitsmittel und Methoden.[\/vc_column_text][\/vc_accordion_tab][vc_accordion_tab title=&#187;Hausmeister-Service&#187; tab_id=&#187;1530618163155-5-10&#8243;][vc_column_text]Unsere mobilen Hausmeister bieten einen fl\u00e4chendeckenden Service von kostenfreien und kostenpflichtigen Leistungen im gesamten Wohnungsbestand.<\/p>\n<p>Vom kleinen Bohrloch angefangen, \u00fcber tropfende Wasserh\u00e4hne, M\u00f6belr\u00fccken, Gardinen abnehmen, Entsorgen von Sperrm\u00fcll, bis hin zu defekten Schaltern und Steckdosen &#8211; unsere Hausmeister sind f\u00fcr Sie da.<\/p>\n<p>F\u00fcr die Wohnumfeldverbesserung wird durch st\u00e4ndige Kontrollg\u00e4nge im Rahmen der Vorsorgepflicht gesorgt.<\/p>\n<p>In vielen F\u00e4llen wird selbst der Schmutz und Unrat beseitigt. Gr\u00fcnfl\u00e4chen werden sauber gehalten, Rasen gem\u00e4ht und ausgewachsene Geh\u00f6lzpflanzungen rekultiviert.<\/p>\n<p>In den Objekten wird st\u00e4ndig auf Sauberkeit und Ordnung geachtet. Die Treppenh\u00e4user werden wenn n\u00f6tig malerisch instand gesetzt und der \u00d6lstand u Wasseruhren stetig kontrolliert.[\/vc_column_text][\/vc_accordion_tab][vc_accordion_tab title=&#187;Grundreinigung&#187; tab_id=&#187;1530618164092-6-7&#8243;][vc_column_text]Bei der Grundreinigung werden alte, abgenutzte oder haftende Verschmutzungen bzw. Pflegefilm entfernt.<\/p>\n<p>Dabei ist es unser Ziel, diese hartn\u00e4ckigen Verschmutzungen und Krusten zu entfernen, um einen neuen, sch\u00fctzenden Pflegefilm aufzutragen. Eine professionell durchgef\u00fchrte Grundreinigung mit nachfolgender Beschichtung erm\u00f6glicht eine schnelle und effiziente Unterhaltsreinigung des Geb\u00e4udes[\/vc_column_text][\/vc_accordion_tab][vc_accordion_tab title=&#187;Leuchtreklamenreinigung&#187; tab_id=&#187;1530618164670-7-5&#8243;][vc_column_text] Diese Dienstleistung beinhaltet die innere und \u00e4ussere Reinigung der Leuchtreklame, sowie wenn n\u00f6tig das Auswechseln der Leuchtmittel.[\/vc_column_text][\/vc_accordion_tab][\/vc_accordion][\/vc_column][\/vc_row]<\/p>\n","protected":false},"excerpt":{"rendered":"<p>[vc_row row_height_percent=&#187;99&#8243; override_padding=&#187;yes&#187; h_padding=&#187;2&#8243; top_padding=&#187;6&#8243; bottom_padding=&#187;6&#8243; overlay_alpha=&#187;50&#8243; gutter_size=&#187;3&#8243; column_width_use_pixel=&#187;yes&#187; shift_y=&#187;0&#8243; z_index=&#187;0&#8243; column_width_pixel=&#187;960&#8243;][vc_column column_width_percent=&#187;100&#8243; position_vertical=&#187;middle&#187; gutter_size=&#187;3&#8243; overlay_alpha=&#187;50&#8243; shift_x=&#187;0&#8243; shift_y=&#187;0&#8243; shift_y_down=&#187;0&#8243; z_index=&#187;0&#8243; [&hellip;]<\/p>\n","protected":false},"author":1,"featured_media":0,"parent":0,"menu_order":0,"comment_status":"closed","ping_status":"open","template":"","meta":{"_mi_skip_tracking":false},"_links":{"self":[{"href":"https:\/\/mlg-ag.ch\/reinigungen\/wp-json\/wp\/v2\/pages\/2"}],"collection":[{"href":"https:\/\/mlg-ag.ch\/reinigungen\/wp-json\/wp\/v2\/pages"}],"about":[{"href":"https:\/\/mlg-ag.ch\/reinigungen\/wp-json\/wp\/v2\/types\/page"}],"author":[{"embeddable":true,"href":"https:\/\/mlg-ag.ch\/reinigungen\/wp-json\/wp\/v2\/users\/1"}],"replies":[{"embeddable":true,"href":"https:\/\/mlg-ag.ch\/reinigungen\/wp-json\/wp\/v2\/comments?post=2"}],"version-history":[{"count":1,"href":"https:\/\/mlg-ag.ch\/reinigungen\/wp-json\/wp\/v2\/pages\/2\/revisions"}],"predecessor-version":[{"id":963,"href":"https:\/\/mlg-ag.ch\/reinigungen\/wp-json\/wp\/v2\/pages\/2\/revisions\/963"}],"wp:attachment":[{"href":"https:\/\/mlg-ag.ch\/reinigungen\/wp-json\/wp\/v2\/media?parent=2"}],"curies":[{"name":"wp","href":"https:\/\/api.w.org\/{rel}","templated":true}]}}